{"id":465,"date":"2026-02-19T19:44:18","date_gmt":"2026-02-19T19:44:18","guid":{"rendered":"https:\/\/bachmann-moden.de\/?page_id=465"},"modified":"2026-03-28T09:06:06","modified_gmt":"2026-03-28T09:06:06","slug":"datenschutz","status":"publish","type":"page","link":"https:\/\/bachmann-moden.de\/?page_id=465","title":{"rendered":"Datenschutz"},"content":{"rendered":"<h2 style=\"font-family: BentonSans-Regular, 'Open Sans', arial, sans-serif; line-height: 1.4; color: #333333; margin-top: 1.5625rem; margin-bottom: 0.78125rem; font-size: 1.5rem;\"><strong style=\"font-weight: bold;\">I.&nbsp;Informationen \u00fcber die Verarbeitung Ihrer Daten gem\u00e4\u00df Art. 13 der Datenschutz-Grundverordnung (DS-GVO)<\/strong><\/h2>\n<h3 style=\"font-family: BentonSans-Regular, 'Open Sans', arial, sans-serif; line-height: 1.4; color: #333333; margin-top: 0px; margin-bottom: 0.78125rem; font-size: 1.25rem;\"><strong style=\"font-weight: bold;\">1.&nbsp;Verantwortlicher und Datenschutzbeauftragter<\/strong><\/h3>\n<p style=\"margin: 0px 0px 0.78125rem; color: #333333; font-family: BentonSans-Regular, 'Open Sans', arial, sans-serif;\">Verantwortlich f\u00fcr diese Website ist<\/p>\n<p style=\"margin: 0px 0px 0.78125rem; color: #333333; font-family: BentonSans-Regular, 'Open Sans', arial, sans-serif;\">[Firma Theodor Bachmann, Bergstr. 108a, info@bachmann-moden.de].<\/p>\n<p style=\"margin: 0px 0px 0.78125rem; color: #333333; font-family: BentonSans-Regular, 'Open Sans', arial, sans-serif;\">Den Datenschutzbeauftragten erreichen Sie per E-Mail unter<\/p>\n<p style=\"margin: 0px 0px 0.78125rem; color: #333333; font-family: BentonSans-Regular, 'Open Sans', arial, sans-serif;\">[info@bachmann-moden.de]<\/p>\n<p style=\"margin: 0px 0px 0.78125rem; color: #333333; font-family: BentonSans-Regular, 'Open Sans', arial, sans-serif;\">oder \u00fcber die Adresse<\/p>\n<p style=\"margin: 0px 0px 0.78125rem; color: #333333; font-family: BentonSans-Regular, 'Open Sans', arial, sans-serif;\">[Bergstr. 108a, 45770 Marl].<\/p>\n<h3 style=\"font-family: BentonSans-Regular, 'Open Sans', arial, sans-serif; line-height: 1.4; color: #333333; margin-top: 0px; margin-bottom: 0.78125rem; font-size: 1.25rem;\"><strong style=\"font-weight: bold;\">2. Daten, die f\u00fcr die Bereitstellung der Website und die Erstellung der Protokolldateien verarbeitet werden<\/strong><\/h3>\n<h4 style=\"font-family: BentonSans-Regular, 'Open Sans', arial, sans-serif; line-height: 1.4; color: #333333; margin-top: 0.78125rem; margin-bottom: 0.78125rem; font-size: 1.125rem;\"><strong style=\"font-weight: bold;\">a. Welche Daten werden f\u00fcr welchen Zweck verarbeitet?<\/strong><\/h4>\n<p style=\"margin: 0px 0px 0.78125rem; color: #333333; font-family: BentonSans-Regular, 'Open Sans', arial, sans-serif;\">Bei jedem Zugriff auf Inhalte der Website werden vor\u00fcbergehend Daten gespeichert, die m\u00f6glicherweise eine Identifizierung zulassen. Die folgenden Daten werden hierbei erhoben:<\/p>\n<p style=\"margin: 0px 0px 0.78125rem; color: #333333; font-family: BentonSans-Regular, 'Open Sans', arial, sans-serif;\">&#8211;&nbsp;Datum und Uhrzeit des Zugriffs<\/p>\n<p style=\"margin: 0px 0px 0.78125rem; color: #333333; font-family: BentonSans-Regular, 'Open Sans', arial, sans-serif;\">&#8211; IP-Adresse<\/p>\n<p style=\"margin: 0px 0px 0.78125rem; color: #333333; font-family: BentonSans-Regular, 'Open Sans', arial, sans-serif;\">&#8211;&nbsp;Hostname des zugreifenden Rechners<\/p>\n<p style=\"margin: 0px 0px 0.78125rem; color: #333333; font-family: BentonSans-Regular, 'Open Sans', arial, sans-serif;\">&#8211;&nbsp;Website, von der aus die Website aufgerufen wurde<\/p>\n<p style=\"margin: 0px 0px 0.78125rem; color: #333333; font-family: BentonSans-Regular, 'Open Sans', arial, sans-serif;\">&#8211;&nbsp;Websites, die \u00fcber die Website aufgerufen werden<\/p>\n<p style=\"margin: 0px 0px 0.78125rem; color: #333333; font-family: BentonSans-Regular, 'Open Sans', arial, sans-serif;\">&#8211;&nbsp;Besuchte Seite auf unserer Website<\/p>\n<p style=\"margin: 0px 0px 0.78125rem; color: #333333; font-family: BentonSans-Regular, 'Open Sans', arial, sans-serif;\">&#8211;&nbsp;Meldung, ob der Abruf erfolgreich war<\/p>\n<p style=\"margin: 0px 0px 0.78125rem; color: #333333; font-family: BentonSans-Regular, 'Open Sans', arial, sans-serif;\">&#8211;&nbsp;\u00dcbertragene Datenmenge<\/p>\n<p style=\"margin: 0px 0px 0.78125rem; color: #333333; font-family: BentonSans-Regular, 'Open Sans', arial, sans-serif;\">&#8211;&nbsp;Informationen \u00fcber den Browsertyp und die verwendete Version<\/p>\n<p style=\"margin: 0px 0px 0.78125rem; color: #333333; font-family: BentonSans-Regular, 'Open Sans', arial, sans-serif;\">&#8211;&nbsp;Betriebssystem<\/p>\n<p style=\"margin: 0px 0px 0.78125rem; color: #333333; font-family: BentonSans-Regular, 'Open Sans', arial, sans-serif;\">Die vor\u00fcbergehende Speicherung der Daten ist f\u00fcr den Ablauf eines Websitebesuchs erforderlich, um eine Auslieferung der Website zu erm\u00f6glichen. Eine weitere Speicherung in Protokolldateien erfolgt, um die Funktionsf\u00e4higkeit der Website und die Sicherheit der informationstechnischen Systeme sicherzustellen. In diesen Zwecken liegt auch unser berechtigtes Interesse an der Datenverarbeitung.<\/p>\n<h4 style=\"font-family: BentonSans-Regular, 'Open Sans', arial, sans-serif; line-height: 1.4; color: #333333; margin-top: 0.78125rem; margin-bottom: 0.78125rem; font-size: 1.125rem;\"><strong style=\"font-weight: bold;\">b. Auf welcher Rechtsgrundlage werden diese Daten verarbeitet?<\/strong><\/h4>\n<p style=\"margin: 0px 0px 0.78125rem; color: #333333; font-family: BentonSans-Regular, 'Open Sans', arial, sans-serif;\">Die Daten werden auf der Grundlage des Art. 6 Abs. 1 Buchstabe f DS-GVO verarbeitet.<\/p>\n<h4 style=\"font-family: BentonSans-Regular, 'Open Sans', arial, sans-serif; line-height: 1.4; color: #333333; margin-top: 0.78125rem; margin-bottom: 0.78125rem; font-size: 1.125rem;\"><strong style=\"font-size: 1.125rem; font-weight: bold;\">c. Wie lange werden die Daten gespeichert?<\/strong><\/h4>\n<p style=\"margin: 0px 0px 0.78125rem; color: #333333; font-family: BentonSans-Regular, 'Open Sans', arial, sans-serif;\">Die Daten werden gel\u00f6scht, sobald sie f\u00fcr die Erreichung des Zwecks ihrer Erhebung nicht mehr erforderlich sind. Bei der Bereitstellung der Website ist dies der Fall, wenn die jeweilige Sitzung beendet ist. Die Protokolldateien werden [\u2026, maximal bis zu 24 Stunden] direkt und ausschlie\u00dflich f\u00fcr Administratoren zug\u00e4nglich aufbewahrt. Danach sind sie nur noch indirekt \u00fcber die Rekonstruktion von Sicherungsb\u00e4ndern verf\u00fcgbar und werden nach [\u2026, maximal vier Wochen] endg\u00fcltig gel\u00f6scht.<\/p>\n<h3 style=\"font-family: BentonSans-Regular, 'Open Sans', arial, sans-serif; line-height: 1.4; color: #333333; margin-top: 0px; margin-bottom: 0.78125rem; font-size: 1.25rem;\"><strong style=\"font-weight: bold;\">3. Betroffenenrechte<\/strong><\/h3>\n<h4 style=\"font-family: BentonSans-Regular, 'Open Sans', arial, sans-serif; line-height: 1.4; color: #333333; margin-top: 0.78125rem; margin-bottom: 0.78125rem; font-size: 1.125rem;\"><strong style=\"font-weight: bold;\">a. Recht auf Auskunft<\/strong><\/h4>\n<p style=\"margin: 0px 0px 0.78125rem; color: #333333; font-family: BentonSans-Regular, 'Open Sans', arial, sans-serif;\">Sie k\u00f6nnen Auskunft nach Art. 15 DS-GVO \u00fcber Ihre personenbezogenen Daten verlangen, die wir verarbeiten.<\/p>\n<h4 style=\"font-family: BentonSans-Regular, 'Open Sans', arial, sans-serif; line-height: 1.4; color: #333333; margin-top: 0.78125rem; margin-bottom: 0.78125rem; font-size: 1.125rem;\"><strong style=\"font-weight: bold;\">b. Recht auf Widerspruch:<\/strong><\/h4>\n<p style=\"margin: 0px 0px 0.78125rem; color: #333333; font-family: BentonSans-Regular, 'Open Sans', arial, sans-serif;\">Sie haben ein Recht auf Widerspruch aus besonderen Gr\u00fcnden (siehe unter Punkt II).<\/p>\n<h4 style=\"font-family: BentonSans-Regular, 'Open Sans', arial, sans-serif; line-height: 1.4; color: #333333; margin-top: 0.78125rem; margin-bottom: 0.78125rem; font-size: 1.125rem;\"><strong style=\"font-weight: bold;\">c. Recht auf Berichtigung<\/strong><\/h4>\n<p style=\"margin: 0px 0px 0.78125rem; color: #333333; font-family: BentonSans-Regular, 'Open Sans', arial, sans-serif;\">Sollten die Sie betreffenden Angaben nicht (mehr) zutreffend sein, k\u00f6nnen Sie nach Art. 16 DS-GVO eine Berichtigung verlangen. Sollten Ihre Daten unvollst\u00e4ndig sein, k\u00f6nnen Sie eine Vervollst\u00e4ndigung verlangen.<\/p>\n<h4 style=\"font-family: BentonSans-Regular, 'Open Sans', arial, sans-serif; line-height: 1.4; color: #333333; margin-top: 0.78125rem; margin-bottom: 0.78125rem; font-size: 1.125rem;\"><strong style=\"font-weight: bold;\">d. Recht auf L\u00f6schung<\/strong><\/h4>\n<p style=\"margin: 0px 0px 0.78125rem; color: #333333; font-family: BentonSans-Regular, 'Open Sans', arial, sans-serif;\">Sie k\u00f6nnen nach Art. 17 DS-GVO die L\u00f6schung Ihrer personenbezogenen Daten verlangen.<\/p>\n<h4 style=\"font-family: BentonSans-Regular, 'Open Sans', arial, sans-serif; line-height: 1.4; color: #333333; margin-top: 0.78125rem; margin-bottom: 0.78125rem; font-size: 1.125rem;\"><strong style=\"font-weight: bold;\">e. Recht auf Einschr\u00e4nkung der Verarbeitung<\/strong><\/h4>\n<p style=\"margin: 0px 0px 0.78125rem; color: #333333; font-family: BentonSans-Regular, 'Open Sans', arial, sans-serif;\">Sie haben nach Art. 18 DS-GVO das Recht, eine Einschr\u00e4nkung der Verarbeitung Ihrer personenbezogenen Daten zu verlangen.<\/p>\n<h4 style=\"font-family: BentonSans-Regular, 'Open Sans', arial, sans-serif; line-height: 1.4; color: #333333; margin-top: 0.78125rem; margin-bottom: 0.78125rem; font-size: 1.125rem;\"><strong style=\"font-weight: bold;\">f. Recht auf Beschwerde<\/strong><\/h4>\n<p style=\"margin: 0px 0px 0.78125rem; color: #333333; font-family: BentonSans-Regular, 'Open Sans', arial, sans-serif;\">Wenn Sie der Ansicht sind, dass die Verarbeitung Ihrer personenbezogenen Daten gegen Datenschutzrecht verst\u00f6\u00dft, haben Sie nach Ar. 77 Abs. 1 DS-GVO das Recht, sich bei einer Datenschutzaufsichtsbeh\u00f6rde eigener Wahl zu beschweren. Hierzu geh\u00f6rt auch die f\u00fcr den Verantwortlichen zust\u00e4ndige Datenschutzaufsichtsbeh\u00f6rde: Landesbeauftragte f\u00fcr Datenschutz und Informationsfreiheit Nordrhein-Westfalen,&nbsp;<em><a style=\"color: #3c506e; text-decoration-line: underline; font-weight: bold; word-break: break-word; overflow-wrap: break-word; font-family: inherit;\" href=\"https:\/\/www.ldi.nrw.de\/kontakt\/ihre-beschwerde\">https:\/\/www.ldi.nrw.de\/kontakt\/ihre-beschwerde<\/a>.<\/em><\/p>\n<h4 style=\"font-family: BentonSans-Regular, 'Open Sans', arial, sans-serif; line-height: 1.4; color: #333333; margin-top: 0.78125rem; margin-bottom: 0.78125rem; font-size: 1.125rem;\"><strong style=\"font-weight: bold;\">g. Recht auf Daten\u00fcbertragbarkeit<\/strong><\/h4>\n<p style=\"margin: 0px 0px 0.78125rem; color: #333333; font-family: BentonSans-Regular, 'Open Sans', arial, sans-serif;\">F\u00fcr den Fall, dass die Voraussetzungen des Art. 20 Abs. 1 DS-GVO vorliegen, steht Ihnen das Recht zu, sich Daten, die wir auf Grundlage Ihrer Einwilligung oder in Erf\u00fcllung eines Vertrags automatisiert verarbeiten, an sich oder an Dritte aush\u00e4ndigen zu lassen. Die Erfassung der Daten zur Bereitstellung der Website und die Speicherung der Protokolldateien sind f\u00fcr den Betrieb der Internetseite zwingend erforderlich. Sie beruhen daher nicht auf einer Einwilligung nach Art. 6 Abs. 1 Buchstabe a DS-GVO oder auf einem Vertrag nach Art. 6 Abs. 1 Buchstabe b DS-GVO, sondern sind nach Art. 6 Abs. 1 Buchstabe f DS-GVO gerechtfertigt. Die Voraussetzungen des Art. 20 Abs. 1 DS-GVO sind demnach insoweit nicht erf\u00fcllt.<\/p>\n<h2 style=\"font-family: BentonSans-Regular, 'Open Sans', arial, sans-serif; line-height: 1.4; color: #333333; margin-top: 1.5625rem; margin-bottom: 0.78125rem; font-size: 1.5rem;\"><strong style=\"font-weight: bold;\">II. Recht auf Widerspruch gem\u00e4\u00df Art. 21 Abs. 1 DS-GVO<\/strong><\/h2>\n<p style=\"margin: 0px; color: #333333; font-family: BentonSans-Regular, 'Open Sans', arial, sans-serif;\">Sie haben das Recht, aus Gr\u00fcnden, die sich aus Ihrer besonderen Situation ergeben, jederzeit gegen die Verarbeitung Ihrer personenbezogenen Daten, die aufgrund von Artikel 6 Abs. 1 Buchstabe f DS-GVO erfolgt, Widerspruch einzulegen. Der Verantwortliche verarbeitet die personenbezogenen Daten dann nicht mehr, es sei denn, er kann zwingende schutzw\u00fcrdige Gr\u00fcnde f\u00fcr die Verarbeitung nachweisen, die die Interessen, Rechte und Freiheiten der betroffenen Person \u00fcberwiegen, oder die Verarbeitung dient der Geltendmachung, Aus\u00fcbung oder Verteidigung von Rechtsanspr\u00fcchen. Die Erfassung der Daten zur Bereitstellung der Website und die Speicherung der Protokolldateien sind f\u00fcr den Betrieb der Internetseite zwingend erforderlich.<\/p>\n","protected":false},"excerpt":{"rendered":"<p>I.&nbsp;Informationen \u00fcber die Verarbeitung Ihrer Daten gem\u00e4\u00df Art. 13 der Datenschutz-Grundverordnung (DS-GVO) 1.&nbsp;Verantwortlicher und Datenschutzbeauftragter Verantwortlich f\u00fcr diese Website ist [Firma Theodor Bachmann, Bergstr. 108a, info@bachmann-moden.de]. Den Datenschutzbeauftragten erreichen Sie per E-Mail unter [info@bachmann-moden.de] oder \u00fcber die Adresse [Bergstr. 108a, 45770 Marl]. 2. Daten, die f\u00fcr die Bereitstellung der Website und die Erstellung der Protokolldateien [&hellip;]<\/p>\n","protected":false},"author":1,"featured_media":0,"parent":0,"menu_order":0,"comment_status":"closed","ping_status":"closed","template":"","meta":{"footnotes":""},"class_list":["post-465","page","type-page","status-publish","hentry"],"yoast_head":"<!-- This site is optimized with the Yoast SEO plugin v27.4 - https:\/\/yoast.com\/product\/yoast-seo-wordpress\/ -->\n<title>Datenschutz - Bachmann Moden<\/title>\n<meta name=\"robots\" content=\"index, follow, max-snippet:-1, max-image-preview:large, max-video-preview:-1\" \/>\n<link rel=\"canonical\" href=\"https:\/\/bachmann-moden.de\/?page_id=465\" \/>\n<meta property=\"og:locale\" content=\"de_DE\" \/>\n<meta property=\"og:type\" content=\"article\" \/>\n<meta property=\"og:title\" content=\"Datenschutz - Bachmann Moden\" \/>\n<meta property=\"og:description\" content=\"I.&nbsp;Informationen \u00fcber die Verarbeitung Ihrer Daten gem\u00e4\u00df Art. 13 der Datenschutz-Grundverordnung (DS-GVO) 1.&nbsp;Verantwortlicher und Datenschutzbeauftragter Verantwortlich f\u00fcr diese Website ist [Firma Theodor Bachmann, Bergstr. 108a, info@bachmann-moden.de]. Den Datenschutzbeauftragten erreichen Sie per E-Mail unter [info@bachmann-moden.de] oder \u00fcber die Adresse [Bergstr. 108a, 45770 Marl]. 2. Daten, die f\u00fcr die Bereitstellung der Website und die Erstellung der Protokolldateien [&hellip;]\" \/>\n<meta property=\"og:url\" content=\"https:\/\/bachmann-moden.de\/?page_id=465\" \/>\n<meta property=\"og:site_name\" content=\"Bachmann Moden\" \/>\n<meta property=\"article:modified_time\" content=\"2026-03-28T09:06:06+00:00\" \/>\n<meta name=\"twitter:card\" content=\"summary_large_image\" \/>\n<meta name=\"twitter:label1\" content=\"Gesch\u00e4tzte Lesezeit\" \/>\n\t<meta name=\"twitter:data1\" content=\"4\u00a0Minuten\" \/>\n<script type=\"application\/ld+json\" class=\"yoast-schema-graph\">{\"@context\":\"https:\\\/\\\/schema.org\",\"@graph\":[{\"@type\":\"WebPage\",\"@id\":\"https:\\\/\\\/bachmann-moden.de\\\/?page_id=465\",\"url\":\"https:\\\/\\\/bachmann-moden.de\\\/?page_id=465\",\"name\":\"Datenschutz - Bachmann Moden\",\"isPartOf\":{\"@id\":\"https:\\\/\\\/bachmann-moden.de\\\/#website\"},\"datePublished\":\"2026-02-19T19:44:18+00:00\",\"dateModified\":\"2026-03-28T09:06:06+00:00\",\"breadcrumb\":{\"@id\":\"https:\\\/\\\/bachmann-moden.de\\\/?page_id=465#breadcrumb\"},\"inLanguage\":\"de\",\"potentialAction\":[{\"@type\":\"ReadAction\",\"target\":[\"https:\\\/\\\/bachmann-moden.de\\\/?page_id=465\"]}]},{\"@type\":\"BreadcrumbList\",\"@id\":\"https:\\\/\\\/bachmann-moden.de\\\/?page_id=465#breadcrumb\",\"itemListElement\":[{\"@type\":\"ListItem\",\"position\":1,\"name\":\"Startseite\",\"item\":\"https:\\\/\\\/bachmann-moden.de\\\/\"},{\"@type\":\"ListItem\",\"position\":2,\"name\":\"Datenschutz\"}]},{\"@type\":\"WebSite\",\"@id\":\"https:\\\/\\\/bachmann-moden.de\\\/#website\",\"url\":\"https:\\\/\\\/bachmann-moden.de\\\/\",\"name\":\"Bachmann Moden\",\"description\":\"handverlesene Modekollektionen f\u00fcr Sie und Ihn.\",\"potentialAction\":[{\"@type\":\"SearchAction\",\"target\":{\"@type\":\"EntryPoint\",\"urlTemplate\":\"https:\\\/\\\/bachmann-moden.de\\\/?s={search_term_string}\"},\"query-input\":{\"@type\":\"PropertyValueSpecification\",\"valueRequired\":true,\"valueName\":\"search_term_string\"}}],\"inLanguage\":\"de\"}]}<\/script>\n<!-- \/ Yoast SEO plugin. -->","yoast_head_json":{"title":"Datenschutz - Bachmann Moden","robots":{"index":"index","follow":"follow","max-snippet":"max-snippet:-1","max-image-preview":"max-image-preview:large","max-video-preview":"max-video-preview:-1"},"canonical":"https:\/\/bachmann-moden.de\/?page_id=465","og_locale":"de_DE","og_type":"article","og_title":"Datenschutz - Bachmann Moden","og_description":"I.&nbsp;Informationen \u00fcber die Verarbeitung Ihrer Daten gem\u00e4\u00df Art. 13 der Datenschutz-Grundverordnung (DS-GVO) 1.&nbsp;Verantwortlicher und Datenschutzbeauftragter Verantwortlich f\u00fcr diese Website ist [Firma Theodor Bachmann, Bergstr. 108a, info@bachmann-moden.de]. Den Datenschutzbeauftragten erreichen Sie per E-Mail unter [info@bachmann-moden.de] oder \u00fcber die Adresse [Bergstr. 108a, 45770 Marl]. 2. Daten, die f\u00fcr die Bereitstellung der Website und die Erstellung der Protokolldateien [&hellip;]","og_url":"https:\/\/bachmann-moden.de\/?page_id=465","og_site_name":"Bachmann Moden","article_modified_time":"2026-03-28T09:06:06+00:00","twitter_card":"summary_large_image","twitter_misc":{"Gesch\u00e4tzte Lesezeit":"4\u00a0Minuten"},"schema":{"@context":"https:\/\/schema.org","@graph":[{"@type":"WebPage","@id":"https:\/\/bachmann-moden.de\/?page_id=465","url":"https:\/\/bachmann-moden.de\/?page_id=465","name":"Datenschutz - Bachmann Moden","isPartOf":{"@id":"https:\/\/bachmann-moden.de\/#website"},"datePublished":"2026-02-19T19:44:18+00:00","dateModified":"2026-03-28T09:06:06+00:00","breadcrumb":{"@id":"https:\/\/bachmann-moden.de\/?page_id=465#breadcrumb"},"inLanguage":"de","potentialAction":[{"@type":"ReadAction","target":["https:\/\/bachmann-moden.de\/?page_id=465"]}]},{"@type":"BreadcrumbList","@id":"https:\/\/bachmann-moden.de\/?page_id=465#breadcrumb","itemListElement":[{"@type":"ListItem","position":1,"name":"Startseite","item":"https:\/\/bachmann-moden.de\/"},{"@type":"ListItem","position":2,"name":"Datenschutz"}]},{"@type":"WebSite","@id":"https:\/\/bachmann-moden.de\/#website","url":"https:\/\/bachmann-moden.de\/","name":"Bachmann Moden","description":"handverlesene Modekollektionen f\u00fcr Sie und Ihn.","potentialAction":[{"@type":"SearchAction","target":{"@type":"EntryPoint","urlTemplate":"https:\/\/bachmann-moden.de\/?s={search_term_string}"},"query-input":{"@type":"PropertyValueSpecification","valueRequired":true,"valueName":"search_term_string"}}],"inLanguage":"de"}]}},"_links":{"self":[{"href":"https:\/\/bachmann-moden.de\/index.php?rest_route=\/wp\/v2\/pages\/465","targetHints":{"allow":["GET"]}}],"collection":[{"href":"https:\/\/bachmann-moden.de\/index.php?rest_route=\/wp\/v2\/pages"}],"about":[{"href":"https:\/\/bachmann-moden.de\/index.php?rest_route=\/wp\/v2\/types\/page"}],"author":[{"embeddable":true,"href":"https:\/\/bachmann-moden.de\/index.php?rest_route=\/wp\/v2\/users\/1"}],"replies":[{"embeddable":true,"href":"https:\/\/bachmann-moden.de\/index.php?rest_route=%2Fwp%2Fv2%2Fcomments&post=465"}],"version-history":[{"count":7,"href":"https:\/\/bachmann-moden.de\/index.php?rest_route=\/wp\/v2\/pages\/465\/revisions"}],"predecessor-version":[{"id":472,"href":"https:\/\/bachmann-moden.de\/index.php?rest_route=\/wp\/v2\/pages\/465\/revisions\/472"}],"wp:attachment":[{"href":"https:\/\/bachmann-moden.de\/index.php?rest_route=%2Fwp%2Fv2%2Fmedia&parent=465"}],"curies":[{"name":"wp","href":"https:\/\/api.w.org\/{rel}","templated":true}]}}