{"id":476,"date":"2026-03-28T10:56:48","date_gmt":"2026-03-28T10:56:48","guid":{"rendered":"https:\/\/bachmann-moden.de\/?page_id=476"},"modified":"2026-03-28T11:24:09","modified_gmt":"2026-03-28T11:24:09","slug":"bachmann-moden-2","status":"publish","type":"page","link":"https:\/\/bachmann-moden.de\/","title":{"rendered":""},"content":{"rendered":"\n<p class=\"has-large-font-size\" style=\"font-style:normal;font-weight:600\">Unser Team ist dein Model<\/p>\n\n\n\n<p>Wir stellen dir unser Sortiment ganz pers\u00f6nlich vor. Models mit 90-60-90 wirst du bei uns nicht finden. Lass dich inspirieren und komm vorbei!<\/p>\n\n\n\n<figure class=\"wp-block-image size-large\"><img loading=\"lazy\" decoding=\"async\" width=\"768\" height=\"1024\" src=\"https:\/\/bachmann-moden.de\/wp-content\/uploads\/2026\/03\/IMG_3131-768x1024.jpg\" alt=\"\" class=\"wp-image-477\" srcset=\"https:\/\/bachmann-moden.de\/wp-content\/uploads\/2026\/03\/IMG_3131-768x1024.jpg 768w, https:\/\/bachmann-moden.de\/wp-content\/uploads\/2026\/03\/IMG_3131-225x300.jpg 225w, https:\/\/bachmann-moden.de\/wp-content\/uploads\/2026\/03\/IMG_3131-1152x1536.jpg 1152w, https:\/\/bachmann-moden.de\/wp-content\/uploads\/2026\/03\/IMG_3131-1536x2048.jpg 1536w, https:\/\/bachmann-moden.de\/wp-content\/uploads\/2026\/03\/IMG_3131-scaled.jpg 1920w\" sizes=\"auto, (max-width: 768px) 100vw, 768px\" \/><\/figure>\n\n\n\n<div style=\"height:100px\" aria-hidden=\"true\" class=\"wp-block-spacer\"><\/div>\n\n\n\n<p class=\"has-large-font-size\" style=\"font-style:normal;font-weight:600\">K\u00e4ffchen und famili\u00e4rer Flair<\/p>\n\n\n\n<p>Wir sind mehr als Verk\u00e4uferinnen, wir sind Gastgeberinnen und deine pers\u00f6nliche Shopping-Begleitung. Lern unser Team kennen.<\/p>\n\n\n\n<figure class=\"wp-block-image size-large\"><img loading=\"lazy\" decoding=\"async\" width=\"1024\" height=\"768\" src=\"https:\/\/bachmann-moden.de\/wp-content\/uploads\/2026\/03\/Gruppenfoto_Brief_innen-1024x768.jpg\" alt=\"\" class=\"wp-image-478\" srcset=\"https:\/\/bachmann-moden.de\/wp-content\/uploads\/2026\/03\/Gruppenfoto_Brief_innen-1024x768.jpg 1024w, https:\/\/bachmann-moden.de\/wp-content\/uploads\/2026\/03\/Gruppenfoto_Brief_innen-300x225.jpg 300w, https:\/\/bachmann-moden.de\/wp-content\/uploads\/2026\/03\/Gruppenfoto_Brief_innen-768x576.jpg 768w, https:\/\/bachmann-moden.de\/wp-content\/uploads\/2026\/03\/Gruppenfoto_Brief_innen-1536x1152.jpg 1536w, https:\/\/bachmann-moden.de\/wp-content\/uploads\/2026\/03\/Gruppenfoto_Brief_innen-2048x1536.jpg 2048w\" sizes=\"auto, (max-width: 1024px) 100vw, 1024px\" \/><\/figure>\n\n\n\n<div style=\"height:100px\" aria-hidden=\"true\" class=\"wp-block-spacer\"><\/div>\n\n\n\n<p class=\"has-large-font-size\" style=\"font-style:normal;font-weight:600\">Das Au\u00dfergew\u00f6hnliche<\/p>\n\n\n\n<p>Vom zeitlosen Klassiker bis hinzu trendigen Highlights unser Sortiment bietet dir die volle Auswahl. Unter anderem haben wir die folgenden Marken f\u00fcr dich im Sortiment&#8230;und noch viele mehr!<\/p>\n\n\n\n<figure class=\"wp-block-gallery has-nested-images columns-default is-cropped wp-block-gallery-1 is-layout-flex wp-block-gallery-is-layout-flex\">\n<figure class=\"wp-block-image size-large\"><img loading=\"lazy\" decoding=\"async\" width=\"300\" height=\"100\" data-id=\"283\" src=\"https:\/\/bachmann-moden.de\/wp-content\/uploads\/2023\/12\/WMonariLogo.png\" alt=\"\" class=\"wp-image-283\"\/><\/figure>\n\n\n\n<figure class=\"wp-block-image size-large\"><img loading=\"lazy\" decoding=\"async\" width=\"300\" height=\"100\" data-id=\"282\" src=\"https:\/\/bachmann-moden.de\/wp-content\/uploads\/2023\/12\/WMACLogo.png\" alt=\"\" class=\"wp-image-282\"\/><\/figure>\n\n\n\n<figure class=\"wp-block-image size-large\"><img loading=\"lazy\" decoding=\"async\" width=\"300\" height=\"100\" data-id=\"281\" src=\"https:\/\/bachmann-moden.de\/wp-content\/uploads\/2023\/12\/WLebekLogo.png\" alt=\"\" class=\"wp-image-281\"\/><\/figure>\n\n\n\n<figure class=\"wp-block-image size-large\"><img loading=\"lazy\" decoding=\"async\" width=\"300\" height=\"100\" data-id=\"279\" src=\"https:\/\/bachmann-moden.de\/wp-content\/uploads\/2023\/12\/WHajoLogo.png\" alt=\"\" class=\"wp-image-279\"\/><\/figure>\n\n\n\n<figure class=\"wp-block-image size-large\"><img loading=\"lazy\" decoding=\"async\" width=\"300\" height=\"100\" data-id=\"263\" src=\"https:\/\/bachmann-moden.de\/wp-content\/uploads\/2023\/12\/WRabeLogo.png\" alt=\"\" class=\"wp-image-263\"\/><\/figure>\n\n\n\n<figure class=\"wp-block-image size-large\"><img loading=\"lazy\" decoding=\"async\" width=\"300\" height=\"100\" data-id=\"261\" src=\"https:\/\/bachmann-moden.de\/wp-content\/uploads\/2023\/12\/WOpusLogo.png\" alt=\"\" class=\"wp-image-261\"\/><\/figure>\n<\/figure>\n\n\n\n<div style=\"height:100px\" aria-hidden=\"true\" class=\"wp-block-spacer\"><\/div>\n\n\n\n<p class=\"has-large-font-size\" style=\"font-style:normal;font-weight:600\">\u00d6ffnungszeiten<\/p>\n\n\n\n<p class=\"has-medium-font-size\">Montag &#8211; Freitag: 9:30 &#8211; 13:00 und 14:30 &#8211; 18:00 Uhr<\/p>\n\n\n\n<p class=\"has-medium-font-size\">Samstag: 9:30 &#8211; 13:00 Uhr<\/p>\n\n\n\n<div style=\"height:100px\" aria-hidden=\"true\" class=\"wp-block-spacer\"><\/div>\n\n\n\n<p class=\"has-large-font-size\" style=\"font-style:normal;font-weight:600\">Adresse<\/p>\n\n\n\n<p class=\"has-medium-font-size\">Bergstr. 108a, 45770 Marl<\/p>\n","protected":false},"excerpt":{"rendered":"<p>Unser Team ist dein Model Wir stellen dir unser Sortiment ganz pers\u00f6nlich vor. Models mit 90-60-90 wirst du bei uns nicht finden. Lass dich inspirieren und komm vorbei! K\u00e4ffchen und famili\u00e4rer Flair Wir sind mehr als Verk\u00e4uferinnen, wir sind Gastgeberinnen und deine pers\u00f6nliche Shopping-Begleitung. Lern unser Team kennen. Das Au\u00dfergew\u00f6hnliche Vom zeitlosen Klassiker bis hinzu [&hellip;]<\/p>\n","protected":false},"author":1,"featured_media":0,"parent":0,"menu_order":0,"comment_status":"closed","ping_status":"closed","template":"","meta":{"footnotes":""},"class_list":["post-476","page","type-page","status-publish","hentry"],"yoast_head":"<!-- This site is optimized with the Yoast SEO plugin v27.4 - https:\/\/yoast.com\/product\/yoast-seo-wordpress\/ -->\n<title>- Bachmann Moden<\/title>\n<meta name=\"robots\" content=\"index, follow, max-snippet:-1, max-image-preview:large, max-video-preview:-1\" \/>\n<link rel=\"canonical\" href=\"https:\/\/bachmann-moden.de\/\" \/>\n<meta property=\"og:locale\" content=\"de_DE\" \/>\n<meta property=\"og:type\" content=\"article\" \/>\n<meta property=\"og:title\" content=\"- Bachmann Moden\" \/>\n<meta property=\"og:description\" content=\"Unser Team ist dein Model Wir stellen dir unser Sortiment ganz pers\u00f6nlich vor. Models mit 90-60-90 wirst du bei uns nicht finden. Lass dich inspirieren und komm vorbei! K\u00e4ffchen und famili\u00e4rer Flair Wir sind mehr als Verk\u00e4uferinnen, wir sind Gastgeberinnen und deine pers\u00f6nliche Shopping-Begleitung. Lern unser Team kennen. Das Au\u00dfergew\u00f6hnliche Vom zeitlosen Klassiker bis hinzu [&hellip;]\" \/>\n<meta property=\"og:url\" content=\"https:\/\/bachmann-moden.de\/\" \/>\n<meta property=\"og:site_name\" content=\"Bachmann Moden\" \/>\n<meta property=\"article:modified_time\" content=\"2026-03-28T11:24:09+00:00\" \/>\n<meta property=\"og:image\" content=\"https:\/\/bachmann-moden.de\/wp-content\/uploads\/2026\/03\/IMG_3131-scaled.jpg\" \/>\n\t<meta property=\"og:image:width\" content=\"1920\" \/>\n\t<meta property=\"og:image:height\" content=\"2560\" \/>\n\t<meta property=\"og:image:type\" content=\"image\/jpeg\" \/>\n<meta name=\"twitter:card\" content=\"summary_large_image\" \/>\n<meta name=\"twitter:label1\" content=\"Gesch\u00e4tzte Lesezeit\" \/>\n\t<meta name=\"twitter:data1\" content=\"3\u00a0Minuten\" \/>\n<script type=\"application\/ld+json\" class=\"yoast-schema-graph\">{\"@context\":\"https:\\\/\\\/schema.org\",\"@graph\":[{\"@type\":\"WebPage\",\"@id\":\"https:\\\/\\\/bachmann-moden.de\\\/\",\"url\":\"https:\\\/\\\/bachmann-moden.de\\\/\",\"name\":\"- Bachmann Moden\",\"isPartOf\":{\"@id\":\"https:\\\/\\\/bachmann-moden.de\\\/#website\"},\"primaryImageOfPage\":{\"@id\":\"https:\\\/\\\/bachmann-moden.de\\\/#primaryimage\"},\"image\":{\"@id\":\"https:\\\/\\\/bachmann-moden.de\\\/#primaryimage\"},\"thumbnailUrl\":\"https:\\\/\\\/bachmann-moden.de\\\/wp-content\\\/uploads\\\/2026\\\/03\\\/IMG_3131-768x1024.jpg\",\"datePublished\":\"2026-03-28T10:56:48+00:00\",\"dateModified\":\"2026-03-28T11:24:09+00:00\",\"inLanguage\":\"de\",\"potentialAction\":[{\"@type\":\"ReadAction\",\"target\":[\"https:\\\/\\\/bachmann-moden.de\\\/\"]}]},{\"@type\":\"ImageObject\",\"inLanguage\":\"de\",\"@id\":\"https:\\\/\\\/bachmann-moden.de\\\/#primaryimage\",\"url\":\"https:\\\/\\\/bachmann-moden.de\\\/wp-content\\\/uploads\\\/2026\\\/03\\\/IMG_3131-scaled.jpg\",\"contentUrl\":\"https:\\\/\\\/bachmann-moden.de\\\/wp-content\\\/uploads\\\/2026\\\/03\\\/IMG_3131-scaled.jpg\",\"width\":1920,\"height\":2560},{\"@type\":\"WebSite\",\"@id\":\"https:\\\/\\\/bachmann-moden.de\\\/#website\",\"url\":\"https:\\\/\\\/bachmann-moden.de\\\/\",\"name\":\"Bachmann Moden\",\"description\":\"handverlesene Modekollektionen f\u00fcr Sie und Ihn.\",\"potentialAction\":[{\"@type\":\"SearchAction\",\"target\":{\"@type\":\"EntryPoint\",\"urlTemplate\":\"https:\\\/\\\/bachmann-moden.de\\\/?s={search_term_string}\"},\"query-input\":{\"@type\":\"PropertyValueSpecification\",\"valueRequired\":true,\"valueName\":\"search_term_string\"}}],\"inLanguage\":\"de\"}]}<\/script>\n<!-- \/ Yoast SEO plugin. -->","yoast_head_json":{"title":"- Bachmann Moden","robots":{"index":"index","follow":"follow","max-snippet":"max-snippet:-1","max-image-preview":"max-image-preview:large","max-video-preview":"max-video-preview:-1"},"canonical":"https:\/\/bachmann-moden.de\/","og_locale":"de_DE","og_type":"article","og_title":"- Bachmann Moden","og_description":"Unser Team ist dein Model Wir stellen dir unser Sortiment ganz pers\u00f6nlich vor. Models mit 90-60-90 wirst du bei uns nicht finden. Lass dich inspirieren und komm vorbei! K\u00e4ffchen und famili\u00e4rer Flair Wir sind mehr als Verk\u00e4uferinnen, wir sind Gastgeberinnen und deine pers\u00f6nliche Shopping-Begleitung. Lern unser Team kennen. Das Au\u00dfergew\u00f6hnliche Vom zeitlosen Klassiker bis hinzu [&hellip;]","og_url":"https:\/\/bachmann-moden.de\/","og_site_name":"Bachmann Moden","article_modified_time":"2026-03-28T11:24:09+00:00","og_image":[{"width":1920,"height":2560,"url":"https:\/\/bachmann-moden.de\/wp-content\/uploads\/2026\/03\/IMG_3131-scaled.jpg","type":"image\/jpeg"}],"twitter_card":"summary_large_image","twitter_misc":{"Gesch\u00e4tzte Lesezeit":"3\u00a0Minuten"},"schema":{"@context":"https:\/\/schema.org","@graph":[{"@type":"WebPage","@id":"https:\/\/bachmann-moden.de\/","url":"https:\/\/bachmann-moden.de\/","name":"- Bachmann Moden","isPartOf":{"@id":"https:\/\/bachmann-moden.de\/#website"},"primaryImageOfPage":{"@id":"https:\/\/bachmann-moden.de\/#primaryimage"},"image":{"@id":"https:\/\/bachmann-moden.de\/#primaryimage"},"thumbnailUrl":"https:\/\/bachmann-moden.de\/wp-content\/uploads\/2026\/03\/IMG_3131-768x1024.jpg","datePublished":"2026-03-28T10:56:48+00:00","dateModified":"2026-03-28T11:24:09+00:00","inLanguage":"de","potentialAction":[{"@type":"ReadAction","target":["https:\/\/bachmann-moden.de\/"]}]},{"@type":"ImageObject","inLanguage":"de","@id":"https:\/\/bachmann-moden.de\/#primaryimage","url":"https:\/\/bachmann-moden.de\/wp-content\/uploads\/2026\/03\/IMG_3131-scaled.jpg","contentUrl":"https:\/\/bachmann-moden.de\/wp-content\/uploads\/2026\/03\/IMG_3131-scaled.jpg","width":1920,"height":2560},{"@type":"WebSite","@id":"https:\/\/bachmann-moden.de\/#website","url":"https:\/\/bachmann-moden.de\/","name":"Bachmann Moden","description":"handverlesene Modekollektionen f\u00fcr Sie und Ihn.","potentialAction":[{"@type":"SearchAction","target":{"@type":"EntryPoint","urlTemplate":"https:\/\/bachmann-moden.de\/?s={search_term_string}"},"query-input":{"@type":"PropertyValueSpecification","valueRequired":true,"valueName":"search_term_string"}}],"inLanguage":"de"}]}},"_links":{"self":[{"href":"https:\/\/bachmann-moden.de\/index.php?rest_route=\/wp\/v2\/pages\/476","targetHints":{"allow":["GET"]}}],"collection":[{"href":"https:\/\/bachmann-moden.de\/index.php?rest_route=\/wp\/v2\/pages"}],"about":[{"href":"https:\/\/bachmann-moden.de\/index.php?rest_route=\/wp\/v2\/types\/page"}],"author":[{"embeddable":true,"href":"https:\/\/bachmann-moden.de\/index.php?rest_route=\/wp\/v2\/users\/1"}],"replies":[{"embeddable":true,"href":"https:\/\/bachmann-moden.de\/index.php?rest_route=%2Fwp%2Fv2%2Fcomments&post=476"}],"version-history":[{"count":5,"href":"https:\/\/bachmann-moden.de\/index.php?rest_route=\/wp\/v2\/pages\/476\/revisions"}],"predecessor-version":[{"id":487,"href":"https:\/\/bachmann-moden.de\/index.php?rest_route=\/wp\/v2\/pages\/476\/revisions\/487"}],"wp:attachment":[{"href":"https:\/\/bachmann-moden.de\/index.php?rest_route=%2Fwp%2Fv2%2Fmedia&parent=476"}],"curies":[{"name":"wp","href":"https:\/\/api.w.org\/{rel}","templated":true}]}}